{"id":1473,"date":"2023-11-05T09:07:42","date_gmt":"2023-11-05T09:07:42","guid":{"rendered":"https:\/\/consultees.themeht.com\/?page_id=1473"},"modified":"2025-03-18T00:55:57","modified_gmt":"2025-03-18T00:55:57","slug":"team-member","status":"publish","type":"page","link":"https:\/\/ceafeinternational.com\/index.php\/team-member\/","title":{"rendered":"Team Member"},"content":{"rendered":"\t\t<div data-elementor-type=\"wp-page\" data-elementor-id=\"1473\" class=\"elementor elementor-1473\">\n\t\t\t\t\t\t<section class=\"elementor-section elementor-top-section elementor-element elementor-element-a2ed070 elementor-section-boxed elementor-section-height-default elementor-section-height-default\" data-id=\"a2ed070\" data-element_type=\"section\">\n\t\t\t\t\t\t<div class=\"elementor-container elementor-column-gap-default\">\n\t\t\t\t\t<div class=\"elementor-column elementor-col-100 elementor-top-column elementor-element elementor-element-7bfe20c\" data-id=\"7bfe20c\" data-element_type=\"column\">\n\t\t\t<div class=\"elementor-widget-wrap elementor-element-populated\">\n\t\t\t\t\t\t<div class=\"elementor-element elementor-element-d4ecd7f elementor-widget elementor-widget-our-team-grid\" data-id=\"d4ecd7f\" data-element_type=\"widget\" data-widget_type=\"our-team-grid.default\">\n\t\t\t\t<div class=\"elementor-widget-container\">\n\t\t\t\t\t\r\n        <div class=\"row gx-lg-5\">\r\n\r\n                           <div class=\"col-lg-3 col-md-6 mb-5\">\r\n                <div class=\"team-member\">\r\n                        <div class=\"team-images\">\r\n            <img fetchpriority=\"high\" decoding=\"async\" width=\"800\" height=\"800\" src=\"https:\/\/ceafeinternational.com\/wp-content\/uploads\/2025\/05\/Santiago-Leon-Martinez.jpg\" class=\"attachment-post-thumbnail size-post-thumbnail wp-post-image\" alt=\"\" srcset=\"https:\/\/ceafeinternational.com\/wp-content\/uploads\/2025\/05\/Santiago-Leon-Martinez.jpg 800w, https:\/\/ceafeinternational.com\/wp-content\/uploads\/2025\/05\/Santiago-Leon-Martinez-300x300.jpg 300w, https:\/\/ceafeinternational.com\/wp-content\/uploads\/2025\/05\/Santiago-Leon-Martinez-150x150.jpg 150w, https:\/\/ceafeinternational.com\/wp-content\/uploads\/2025\/05\/Santiago-Leon-Martinez-768x768.jpg 768w, https:\/\/ceafeinternational.com\/wp-content\/uploads\/2025\/05\/Santiago-Leon-Martinez-600x600.jpg 600w, https:\/\/ceafeinternational.com\/wp-content\/uploads\/2025\/05\/Santiago-Leon-Martinez-700x700.jpg 700w, https:\/\/ceafeinternational.com\/wp-content\/uploads\/2025\/05\/Santiago-Leon-Martinez-100x100.jpg 100w\" sizes=\"(max-width: 800px) 100vw, 800px\" \/>            <ul class=\"team-social-icon list-inline\">\r\n                <li><a href=\"\"><i class=\"\"><\/i><\/a>\r\n                <\/li>\r\n                <li><a href=\"\"><i class=\"\"><\/i><\/a>\r\n                <\/li>\r\n                <li><a href=\"\"><i class=\"\"><\/i><\/a>\r\n                <\/li>\r\n                <li><a href=\"\"><i class=\"\"><\/i><\/a>\r\n                <\/li>\r\n                <\/ul>\r\n          <\/div>\r\n                        <div class=\"team-desc\">\r\n                            <span>Cuba<\/span>\r\n                        <h4><a href=\"https:\/\/ceafeinternational.com\/index.php\/team\/dr-santiago-leon-martinez\/\">Dr. Santiago Le\u00f3n M.<\/a><\/h4>\r\n                       \r\n            <\/div>   \r\n          \r\n        <\/div>\r\n              <\/div>\r\n                              <div class=\"col-lg-3 col-md-6 mb-5\">\r\n                <div class=\"team-member\">\r\n                        <div class=\"team-images\">\r\n            <img decoding=\"async\" width=\"800\" height=\"800\" src=\"https:\/\/ceafeinternational.com\/wp-content\/uploads\/2025\/04\/aquiles-yanez.jpg\" class=\"attachment-post-thumbnail size-post-thumbnail wp-post-image\" alt=\"\" srcset=\"https:\/\/ceafeinternational.com\/wp-content\/uploads\/2025\/04\/aquiles-yanez.jpg 800w, https:\/\/ceafeinternational.com\/wp-content\/uploads\/2025\/04\/aquiles-yanez-300x300.jpg 300w, https:\/\/ceafeinternational.com\/wp-content\/uploads\/2025\/04\/aquiles-yanez-150x150.jpg 150w, https:\/\/ceafeinternational.com\/wp-content\/uploads\/2025\/04\/aquiles-yanez-768x768.jpg 768w, https:\/\/ceafeinternational.com\/wp-content\/uploads\/2025\/04\/aquiles-yanez-600x600.jpg 600w, https:\/\/ceafeinternational.com\/wp-content\/uploads\/2025\/04\/aquiles-yanez-700x700.jpg 700w, https:\/\/ceafeinternational.com\/wp-content\/uploads\/2025\/04\/aquiles-yanez-100x100.jpg 100w\" sizes=\"(max-width: 800px) 100vw, 800px\" \/>            <ul class=\"team-social-icon list-inline\">\r\n                <li><a href=\"#\"><i class=\"bi bi-facebook\"><\/i><\/a>\r\n                <\/li>\r\n                <li><a href=\"#\"><i class=\"bi bi-instagram\"><\/i><\/a>\r\n                <\/li>\r\n                <li><a href=\"#\"><i class=\"bi bi-linkedin\"><\/i><\/a>\r\n                <\/li>\r\n                <li><a href=\"#\"><i class=\"bi bi-youtube\"><\/i><\/a>\r\n                <\/li>\r\n                <\/ul>\r\n          <\/div>\r\n                        <div class=\"team-desc\">\r\n                            <span>Chile<\/span>\r\n                        <h4><a href=\"https:\/\/ceafeinternational.com\/index.php\/team\/dr-jorge-coll-costa-3-2\/\">Dr. Aquiles Y\u00e1\u00f1ez Silva<\/a><\/h4>\r\n                       \r\n            <\/div>   \r\n          \r\n        <\/div>\r\n              <\/div>\r\n                              <div class=\"col-lg-3 col-md-6 mb-5\">\r\n                <div class=\"team-member\">\r\n                        <div class=\"team-images\">\r\n            <img decoding=\"async\" width=\"800\" height=\"800\" src=\"https:\/\/ceafeinternational.com\/wp-content\/uploads\/2025\/04\/aylton-figueira-jr.jpg\" class=\"attachment-post-thumbnail size-post-thumbnail wp-post-image\" alt=\"\" srcset=\"https:\/\/ceafeinternational.com\/wp-content\/uploads\/2025\/04\/aylton-figueira-jr.jpg 800w, https:\/\/ceafeinternational.com\/wp-content\/uploads\/2025\/04\/aylton-figueira-jr-300x300.jpg 300w, https:\/\/ceafeinternational.com\/wp-content\/uploads\/2025\/04\/aylton-figueira-jr-150x150.jpg 150w, https:\/\/ceafeinternational.com\/wp-content\/uploads\/2025\/04\/aylton-figueira-jr-768x768.jpg 768w, https:\/\/ceafeinternational.com\/wp-content\/uploads\/2025\/04\/aylton-figueira-jr-600x600.jpg 600w, https:\/\/ceafeinternational.com\/wp-content\/uploads\/2025\/04\/aylton-figueira-jr-700x700.jpg 700w, https:\/\/ceafeinternational.com\/wp-content\/uploads\/2025\/04\/aylton-figueira-jr-100x100.jpg 100w\" sizes=\"(max-width: 800px) 100vw, 800px\" \/>            <ul class=\"team-social-icon list-inline\">\r\n                <li><a href=\"#\"><i class=\"bi bi-facebook\"><\/i><\/a>\r\n                <\/li>\r\n                <li><a href=\"#\"><i class=\"bi bi-instagram\"><\/i><\/a>\r\n                <\/li>\r\n                <li><a href=\"#\"><i class=\"bi bi-linkedin\"><\/i><\/a>\r\n                <\/li>\r\n                <li><a href=\"#\"><i class=\"bi bi-youtube\"><\/i><\/a>\r\n                <\/li>\r\n                <\/ul>\r\n          <\/div>\r\n                        <div class=\"team-desc\">\r\n                            <span>Brasil<\/span>\r\n                        <h4><a href=\"https:\/\/ceafeinternational.com\/index.php\/team\/dr-jorge-coll-costa-3\/\">Dr. Aylton Figueira Jr<\/a><\/h4>\r\n                       \r\n            <\/div>   \r\n          \r\n        <\/div>\r\n              <\/div>\r\n                              <div class=\"col-lg-3 col-md-6 mb-5\">\r\n                <div class=\"team-member\">\r\n                        <div class=\"team-images\">\r\n            <img loading=\"lazy\" decoding=\"async\" width=\"800\" height=\"800\" src=\"https:\/\/ceafeinternational.com\/wp-content\/uploads\/2025\/04\/Ivan-Roman-Suares.jpg\" class=\"attachment-post-thumbnail size-post-thumbnail wp-post-image\" alt=\"\" srcset=\"https:\/\/ceafeinternational.com\/wp-content\/uploads\/2025\/04\/Ivan-Roman-Suares.jpg 800w, https:\/\/ceafeinternational.com\/wp-content\/uploads\/2025\/04\/Ivan-Roman-Suares-300x300.jpg 300w, https:\/\/ceafeinternational.com\/wp-content\/uploads\/2025\/04\/Ivan-Roman-Suares-150x150.jpg 150w, https:\/\/ceafeinternational.com\/wp-content\/uploads\/2025\/04\/Ivan-Roman-Suares-768x768.jpg 768w, https:\/\/ceafeinternational.com\/wp-content\/uploads\/2025\/04\/Ivan-Roman-Suares-600x600.jpg 600w, https:\/\/ceafeinternational.com\/wp-content\/uploads\/2025\/04\/Ivan-Roman-Suares-700x700.jpg 700w, https:\/\/ceafeinternational.com\/wp-content\/uploads\/2025\/04\/Ivan-Roman-Suares-100x100.jpg 100w\" sizes=\"(max-width: 800px) 100vw, 800px\" \/>            <ul class=\"team-social-icon list-inline\">\r\n                <li><a href=\"#\"><i class=\"bi bi-facebook\"><\/i><\/a>\r\n                <\/li>\r\n                <li><a href=\"#\"><i class=\"bi bi-instagram\"><\/i><\/a>\r\n                <\/li>\r\n                <li><a href=\"#\"><i class=\"bi bi-linkedin\"><\/i><\/a>\r\n                <\/li>\r\n                <li><a href=\"#\"><i class=\"bi bi-youtube\"><\/i><\/a>\r\n                <\/li>\r\n                <\/ul>\r\n          <\/div>\r\n                        <div class=\"team-desc\">\r\n                            <span>Cuba<\/span>\r\n                        <h4><a href=\"https:\/\/ceafeinternational.com\/index.php\/team\/dr\/\">Dr. Iv\u00e1n Rom\u00e1n Su\u00e1rez<\/a><\/h4>\r\n                       \r\n            <\/div>   \r\n          \r\n        <\/div>\r\n              <\/div>\r\n                              <div class=\"col-lg-3 col-md-6 mb-5\">\r\n                <div class=\"team-member\">\r\n                        <div class=\"team-images\">\r\n            <img loading=\"lazy\" decoding=\"async\" width=\"800\" height=\"800\" src=\"https:\/\/ceafeinternational.com\/wp-content\/uploads\/2023\/10\/jorge-coll-costa-1.jpg\" class=\"attachment-post-thumbnail size-post-thumbnail wp-post-image\" alt=\"\" srcset=\"https:\/\/ceafeinternational.com\/wp-content\/uploads\/2023\/10\/jorge-coll-costa-1.jpg 800w, https:\/\/ceafeinternational.com\/wp-content\/uploads\/2023\/10\/jorge-coll-costa-1-300x300.jpg 300w, https:\/\/ceafeinternational.com\/wp-content\/uploads\/2023\/10\/jorge-coll-costa-1-150x150.jpg 150w, https:\/\/ceafeinternational.com\/wp-content\/uploads\/2023\/10\/jorge-coll-costa-1-768x768.jpg 768w, https:\/\/ceafeinternational.com\/wp-content\/uploads\/2023\/10\/jorge-coll-costa-1-600x600.jpg 600w, https:\/\/ceafeinternational.com\/wp-content\/uploads\/2023\/10\/jorge-coll-costa-1-700x700.jpg 700w, https:\/\/ceafeinternational.com\/wp-content\/uploads\/2023\/10\/jorge-coll-costa-1-100x100.jpg 100w\" sizes=\"(max-width: 800px) 100vw, 800px\" \/>            <ul class=\"team-social-icon list-inline\">\r\n                <li><a href=\"#\"><i class=\"bi bi-facebook\"><\/i><\/a>\r\n                <\/li>\r\n                <li><a href=\"#\"><i class=\"bi bi-instagram\"><\/i><\/a>\r\n                <\/li>\r\n                <li><a href=\"#\"><i class=\"bi bi-linkedin\"><\/i><\/a>\r\n                <\/li>\r\n                <li><a href=\"#\"><i class=\"bi bi-youtube\"><\/i><\/a>\r\n                <\/li>\r\n                <\/ul>\r\n          <\/div>\r\n                        <div class=\"team-desc\">\r\n                            <span>Cuba<\/span>\r\n                        <h4><a href=\"https:\/\/ceafeinternational.com\/index.php\/team\/dr-jorge-coll-costa\/\">Dr. Jorge Coll Costa<\/a><\/h4>\r\n                       \r\n            <\/div>   \r\n          \r\n        <\/div>\r\n              <\/div>\r\n                       <\/div>\r\n        \t\t\t\t<\/div>\n\t\t\t\t<\/div>\n\t\t\t\t\t<\/div>\n\t\t<\/div>\n\t\t\t\t\t<\/div>\n\t\t<\/section>\n\t\t\t\t<\/div>\n\t\t","protected":false},"excerpt":{"rendered":"<p>Consultant Cameron Jean Founder Emma Aria Advisor Lopes Mads Advisor Stellar Jade Accountant Simon Amour Manager Robbie Lee Financial Molly Rissa CEO Arden Pearl<\/p>\n","protected":false},"author":1,"featured_media":0,"parent":0,"menu_order":0,"comment_status":"closed","ping_status":"closed","template":"","meta":{"_acf_changed":false,"_monsterinsights_skip_tracking":false,"_monsterinsights_sitenote_active":false,"_monsterinsights_sitenote_note":"","_monsterinsights_sitenote_category":0,"footnotes":""},"class_list":["post-1473","page","type-page","status-publish","hentry"],"acf":[],"aioseo_notices":[],"_links":{"self":[{"href":"https:\/\/ceafeinternational.com\/index.php\/wp-json\/wp\/v2\/pages\/1473","targetHints":{"allow":["GET"]}}],"collection":[{"href":"https:\/\/ceafeinternational.com\/index.php\/wp-json\/wp\/v2\/pages"}],"about":[{"href":"https:\/\/ceafeinternational.com\/index.php\/wp-json\/wp\/v2\/types\/page"}],"author":[{"embeddable":true,"href":"https:\/\/ceafeinternational.com\/index.php\/wp-json\/wp\/v2\/users\/1"}],"replies":[{"embeddable":true,"href":"https:\/\/ceafeinternational.com\/index.php\/wp-json\/wp\/v2\/comments?post=1473"}],"version-history":[{"count":1,"href":"https:\/\/ceafeinternational.com\/index.php\/wp-json\/wp\/v2\/pages\/1473\/revisions"}],"predecessor-version":[{"id":2209,"href":"https:\/\/ceafeinternational.com\/index.php\/wp-json\/wp\/v2\/pages\/1473\/revisions\/2209"}],"wp:attachment":[{"href":"https:\/\/ceafeinternational.com\/index.php\/wp-json\/wp\/v2\/media?parent=1473"}],"curies":[{"name":"wp","href":"https:\/\/api.w.org\/{rel}","templated":true}]}}