{"id":1513,"date":"2023-11-05T09:34:05","date_gmt":"2023-11-05T09:34:05","guid":{"rendered":"https:\/\/consultees.themeht.com\/?page_id=1513"},"modified":"2025-05-25T21:32:47","modified_gmt":"2025-05-25T21:32:47","slug":"quienes-somos","status":"publish","type":"page","link":"https:\/\/ceafeinternational.com\/index.php\/quienes-somos\/","title":{"rendered":"\u00bfQuienes Somos?"},"content":{"rendered":"\t\t<div data-elementor-type=\"wp-page\" data-elementor-id=\"1513\" class=\"elementor elementor-1513\">\n\t\t\t\t\t\t<section class=\"elementor-section elementor-top-section elementor-element elementor-element-3139944 elementor-section-boxed elementor-section-height-default elementor-section-height-default\" data-id=\"3139944\" data-element_type=\"section\">\n\t\t\t\t\t\t<div class=\"elementor-container elementor-column-gap-default\">\n\t\t\t\t\t<div class=\"elementor-column elementor-col-16 elementor-top-column elementor-element elementor-element-3e2b98a elementor-hidden-tablet elementor-hidden-mobile\" data-id=\"3e2b98a\" data-element_type=\"column\">\n\t\t\t<div class=\"elementor-widget-wrap\">\n\t\t\t\t\t\t\t<\/div>\n\t\t<\/div>\n\t\t\t\t<div class=\"elementor-column elementor-col-66 elementor-top-column elementor-element elementor-element-8e56e90\" data-id=\"8e56e90\" data-element_type=\"column\">\n\t\t\t<div class=\"elementor-widget-wrap elementor-element-populated\">\n\t\t\t\t\t\t<div class=\"elementor-element elementor-element-cbeb1af elementor-widget elementor-widget-title\" data-id=\"cbeb1af\" data-element_type=\"widget\" data-widget_type=\"title.default\">\n\t\t\t\t<div class=\"elementor-widget-container\">\n\t\t\t\t\t\r\n        <div class=\"theme-title ht-split-text center\">\r\n            <h6><\/h6>\r\n          <h2 data-splitting=\"chars\">CEAFE International<span class=\"title-text\">Centro de Estudios Avanzados y de Fisiolog\u00eda del Ejercicio.<\/span><\/h2>\r\n                  \r\n\r\n        <\/div>\r\n        \r\n        <script>\r\n        jQuery(document).ready(function() {\r\n        if(jQuery(\".ht-split-text\").length) {\r\n Splitting();\r\n            var themeht_animation_text = function (container, item) {\r\n                jQuery(window).scroll(function () {\r\n                    var windowBottom = jQuery(this).scrollTop() + jQuery(this).innerHeight();\r\n                    jQuery(container).each(function (index, value) {\r\n                        var objectBottom = jQuery(this).offset().top + jQuery(this).outerHeight() * 0.1;\r\n                        \r\n                        if (objectBottom < windowBottom) { \r\n                            var seat = jQuery(this).find(item);\r\n                            for (var i = 0; i < seat.length; i++) {\r\n                                (function (index) {\r\n                                    setTimeout(function () {\r\n                                        seat.eq(index).addClass('ht-animated');\r\n                                    }, 200 * index);\r\n                                })(i);\r\n                            }\r\n                        }\r\n                    });\r\n                }).scroll();\r\n            };\r\n        \r\n            jQuery(function() {\r\n                themeht_animation_text(\".theme-title\", \".splitting\");\r\n            });\r\n        }\r\n        });\r\n      <\/script>\r\n\r\n        \t\t\t\t<\/div>\n\t\t\t\t<\/div>\n\t\t\t\t\t<\/div>\n\t\t<\/div>\n\t\t\t\t<div class=\"elementor-column elementor-col-16 elementor-top-column elementor-element elementor-element-c5a3250 elementor-hidden-tablet elementor-hidden-mobile\" data-id=\"c5a3250\" data-element_type=\"column\">\n\t\t\t<div class=\"elementor-widget-wrap\">\n\t\t\t\t\t\t\t<\/div>\n\t\t<\/div>\n\t\t\t\t\t<\/div>\n\t\t<\/section>\n\t\t\t\t<section class=\"elementor-section elementor-top-section elementor-element elementor-element-9c85eb2 elementor-section-boxed elementor-section-height-default elementor-section-height-default\" data-id=\"9c85eb2\" data-element_type=\"section\">\n\t\t\t\t\t\t<div class=\"elementor-container elementor-column-gap-no\">\n\t\t\t\t\t<div class=\"elementor-column elementor-col-25 elementor-top-column elementor-element elementor-element-37564ec\" data-id=\"37564ec\" data-element_type=\"column\">\n\t\t\t<div class=\"elementor-widget-wrap elementor-element-populated\">\n\t\t\t\t\t\t<div class=\"elementor-element elementor-element-dfd0bee elementor-widget elementor-widget-feature\" data-id=\"dfd0bee\" data-element_type=\"widget\" data-widget_type=\"feature.default\">\n\t\t\t\t<div class=\"elementor-widget-container\">\n\t\t\t\t\t\r\n                        <div class=\"featured-item style-1\">\r\n                  <div class=\"featured-icon\">\r\n                              <i aria-hidden=\"true\" class=\"flaticon flaticon-hand\"><\/i>                    \r\n        <\/div>\r\n            <div class=\"featured-desc\">\r\n                <div class=\"featured-title\">\r\n            <h4>Cursos<\/h4>\r\n          <\/div>\r\n            <p>Capacitaci\u00f3n avanzada en ciencias aplicadas al deporte, basada en evidencia, innovaci\u00f3n, excelencia acad\u00e9mica y tecnolog\u00eda.<\/p>          <\/div>\r\n        <\/div>\r\n                            \r\n                        \r\n            \r\n        \t\t\t\t<\/div>\n\t\t\t\t<\/div>\n\t\t\t\t\t<\/div>\n\t\t<\/div>\n\t\t\t\t<div class=\"elementor-column elementor-col-25 elementor-top-column elementor-element elementor-element-3bc067a\" data-id=\"3bc067a\" data-element_type=\"column\">\n\t\t\t<div class=\"elementor-widget-wrap elementor-element-populated\">\n\t\t\t\t\t\t<div class=\"elementor-element elementor-element-b50258a elementor-widget elementor-widget-feature\" data-id=\"b50258a\" data-element_type=\"widget\" data-widget_type=\"feature.default\">\n\t\t\t\t<div class=\"elementor-widget-container\">\n\t\t\t\t\t\r\n                        <div class=\"featured-item style-1\">\r\n                  <div class=\"featured-icon\">\r\n                              <i aria-hidden=\"true\" class=\"flaticon flaticon-document\"><\/i>                    \r\n        <\/div>\r\n            <div class=\"featured-desc\">\r\n                <div class=\"featured-title\">\r\n            <h4>Certificaciones<\/h4>\r\n          <\/div>\r\n            <p>Acreditamos competencias cient\u00edficas y deportivas mediante programas rigurosos, avalados por est\u00e1ndares acad\u00e9micos internacionales.<\/p>          <\/div>\r\n        <\/div>\r\n                            \r\n                        \r\n            \r\n        \t\t\t\t<\/div>\n\t\t\t\t<\/div>\n\t\t\t\t\t<\/div>\n\t\t<\/div>\n\t\t\t\t<div class=\"elementor-column elementor-col-25 elementor-top-column elementor-element elementor-element-314cf17\" data-id=\"314cf17\" data-element_type=\"column\">\n\t\t\t<div class=\"elementor-widget-wrap elementor-element-populated\">\n\t\t\t\t\t\t<div class=\"elementor-element elementor-element-c597328 elementor-widget elementor-widget-feature\" data-id=\"c597328\" data-element_type=\"widget\" data-widget_type=\"feature.default\">\n\t\t\t\t<div class=\"elementor-widget-container\">\n\t\t\t\t\t\r\n                        <div class=\"featured-item style-1\">\r\n                  <div class=\"featured-icon\">\r\n                              <i aria-hidden=\"true\" class=\"flaticon flaticon-target\"><\/i>                    \r\n        <\/div>\r\n            <div class=\"featured-desc\">\r\n                <div class=\"featured-title\">\r\n            <h4>Consultor\u00edas<\/h4>\r\n          <\/div>\r\n            <p>Ofrecemos asesor\u00eda t\u00e9cnica especializada, basada en evidencia cient\u00edfica, para optimizar procesos deportivos y acad\u00e9micos.<\/p>          <\/div>\r\n        <\/div>\r\n                            \r\n                        \r\n            \r\n        \t\t\t\t<\/div>\n\t\t\t\t<\/div>\n\t\t\t\t\t<\/div>\n\t\t<\/div>\n\t\t\t\t<div class=\"elementor-column elementor-col-25 elementor-top-column elementor-element elementor-element-2f2ee7b\" data-id=\"2f2ee7b\" data-element_type=\"column\">\n\t\t\t<div class=\"elementor-widget-wrap elementor-element-populated\">\n\t\t\t\t\t\t<div class=\"elementor-element elementor-element-791ee32 elementor-widget elementor-widget-feature\" data-id=\"791ee32\" data-element_type=\"widget\" data-widget_type=\"feature.default\">\n\t\t\t\t<div class=\"elementor-widget-container\">\n\t\t\t\t\t\r\n                        <div class=\"featured-item style-1\">\r\n                  <div class=\"featured-icon\">\r\n                              <i aria-hidden=\"true\" class=\"flaticon flaticon-hand-1\"><\/i>                    \r\n        <\/div>\r\n            <div class=\"featured-desc\">\r\n                <div class=\"featured-title\">\r\n            <h4>Investigaci\u00f3n Cient\u00edfica<\/h4>\r\n          <\/div>\r\n            <p>Ofrecemos asesor\u00eda basada en evidencia cient\u00edfica, para optimizar procesos deportivos y acad\u00e9micos.<\/p>          <\/div>\r\n        <\/div>\r\n                            \r\n                        \r\n            \r\n        \t\t\t\t<\/div>\n\t\t\t\t<\/div>\n\t\t\t\t\t<\/div>\n\t\t<\/div>\n\t\t\t\t\t<\/div>\n\t\t<\/section>\n\t\t\t\t<section class=\"elementor-section elementor-top-section elementor-element elementor-element-8249d23 elementor-section-boxed elementor-section-height-default elementor-section-height-default\" data-id=\"8249d23\" data-element_type=\"section\">\n\t\t\t\t\t\t<div class=\"elementor-container elementor-column-gap-default\">\n\t\t\t\t\t<div class=\"elementor-column elementor-col-16 elementor-top-column elementor-element elementor-element-29691d5 elementor-hidden-tablet elementor-hidden-mobile\" data-id=\"29691d5\" data-element_type=\"column\">\n\t\t\t<div class=\"elementor-widget-wrap\">\n\t\t\t\t\t\t\t<\/div>\n\t\t<\/div>\n\t\t\t\t<div class=\"elementor-column elementor-col-66 elementor-top-column elementor-element elementor-element-e59d009\" data-id=\"e59d009\" data-element_type=\"column\">\n\t\t\t<div class=\"elementor-widget-wrap elementor-element-populated\">\n\t\t\t\t\t\t<div class=\"elementor-element elementor-element-6e51194 elementor-widget elementor-widget-title\" data-id=\"6e51194\" data-element_type=\"widget\" data-widget_type=\"title.default\">\n\t\t\t\t<div class=\"elementor-widget-container\">\n\t\t\t\t\t\r\n        <div class=\"theme-title ht-split-text center\">\r\n            <h6>\u00bfQuienes Somos?<\/h6>\r\n          <h2 data-splitting=\"chars\">Somos tu referente en<span class=\"title-text\">Fisiolog\u00eda del deporte.<\/span><\/h2>\r\n                  \r\n\r\n        <\/div>\r\n        \r\n        <script>\r\n        jQuery(document).ready(function() {\r\n        if(jQuery(\".ht-split-text\").length) {\r\n Splitting();\r\n            var themeht_animation_text = function (container, item) {\r\n                jQuery(window).scroll(function () {\r\n                    var windowBottom = jQuery(this).scrollTop() + jQuery(this).innerHeight();\r\n                    jQuery(container).each(function (index, value) {\r\n                        var objectBottom = jQuery(this).offset().top + jQuery(this).outerHeight() * 0.1;\r\n                        \r\n                        if (objectBottom < windowBottom) { \r\n                            var seat = jQuery(this).find(item);\r\n                            for (var i = 0; i < seat.length; i++) {\r\n                                (function (index) {\r\n                                    setTimeout(function () {\r\n                                        seat.eq(index).addClass('ht-animated');\r\n                                    }, 200 * index);\r\n                                })(i);\r\n                            }\r\n                        }\r\n                    });\r\n                }).scroll();\r\n            };\r\n        \r\n            jQuery(function() {\r\n                themeht_animation_text(\".theme-title\", \".splitting\");\r\n            });\r\n        }\r\n        });\r\n      <\/script>\r\n\r\n        \t\t\t\t<\/div>\n\t\t\t\t<\/div>\n\t\t\t\t\t<\/div>\n\t\t<\/div>\n\t\t\t\t<div class=\"elementor-column elementor-col-16 elementor-top-column elementor-element elementor-element-e9cb4ec elementor-hidden-tablet elementor-hidden-mobile\" data-id=\"e9cb4ec\" data-element_type=\"column\">\n\t\t\t<div class=\"elementor-widget-wrap\">\n\t\t\t\t\t\t\t<\/div>\n\t\t<\/div>\n\t\t\t\t\t<\/div>\n\t\t<\/section>\n\t\t\t\t<section class=\"elementor-section elementor-top-section elementor-element elementor-element-5db4b06 elementor-section-boxed elementor-section-height-default elementor-section-height-default\" data-id=\"5db4b06\" data-element_type=\"section\">\n\t\t\t\t\t\t<div class=\"elementor-container elementor-column-gap-default\">\n\t\t\t\t\t<div class=\"elementor-column elementor-col-100 elementor-top-column elementor-element elementor-element-6dc6096\" data-id=\"6dc6096\" data-element_type=\"column\">\n\t\t\t<div class=\"elementor-widget-wrap elementor-element-populated\">\n\t\t\t\t\t\t<div class=\"elementor-element elementor-element-a105f72 elementor-widget elementor-widget-sticky-step\" data-id=\"a105f72\" data-element_type=\"widget\" data-widget_type=\"sticky-step.default\">\n\t\t\t\t<div class=\"elementor-widget-container\">\n\t\t\t\t\t\r\n        <!-- Start rendering the output -->\r\n\r\n                               <div class=\"step-box\">\r\n\r\n        <div class=\"row gx-0\">\r\n            <div class=\"col-lg-6\">\r\n\r\n               <div class=\"step-content\">\r\n                    <div class=\"step-icon\">                       <\/div>\r\n                    <h3>Quienes Somos<\/h3>\r\n                <div class=\"elementor-element elementor-element-7e39652 p-mb-0 elementor-widget elementor-widget-text-editor\" data-id=\"7e39652\" data-element_type=\"widget\" data-widget_type=\"text-editor.default\"><div class=\"elementor-widget-container\"><p data-start=\"77\" data-end=\"415\">Nuestro horizonte es divulgar conocimientos sin censura ni conflictos de inter\u00e9s, con libertad de expresi\u00f3n. Somos un medio comprometido con el pensamiento diverso y el conocimiento cient\u00edfico, especialmente en fisiolog\u00eda, deporte, actividad f\u00edsica y arte, como expresiones con impacto en la conducta humana individual, social y pol\u00edtica.<\/p><p data-start=\"420\" data-end=\"678\">\u00a0<\/p><p data-start=\"420\" data-end=\"678\">Nuestros autores \u2014PhD, fil\u00f3sofos, cient\u00edficos, humanistas, m\u00fasicos, entre otros\u2014 son l\u00edderes de opini\u00f3n con s\u00f3lida formaci\u00f3n y \u00e9tica, comprometidos con acercar la verdad cient\u00edfica y art\u00edstica a la sociedad, creando canales reales de comunicaci\u00f3n y servicio.<\/p><\/div><\/div><div class=\"elementor-element elementor-element-a86068c elementor-widget elementor-widget-themeht-heading\" data-id=\"a86068c\" data-element_type=\"widget\" data-widget_type=\"themeht-heading.default\"><div class=\"elementor-widget-container\"><div class=\"\"><h4 class=\"mb-0 \">\"UNA TEOR\u00cdA CIENT\u00cdFICA ES UNA HERMOSA COSA, SIN EMBARGO, CUANDO CONTRATAR\u00cdA A LOS PODEROSOS\"<br \/><br \/>- N. COP\u00c9RNICO<\/h4><\/div><\/div><\/div>               <\/div>\r\n                \r\n            <\/div>\r\n            <div class=\"col-lg-6\">\r\n            <div class=\"step-img h-100\">\r\n                    <img decoding=\"async\" class=\"img-fluid\" src=\"https:\/\/ceafeinternational.com\/wp-content\/uploads\/2025\/04\/iStock-613758980-scaled.jpg\" alt=\"Image\">\r\n                    <\/div>\r\n            <\/div>\r\n        <\/div>\r\n                    \r\n                <\/div>\r\n                \r\n                           <div class=\"step-box\">\r\n\r\n        <div class=\"row gx-0\">\r\n            <div class=\"col-lg-6\">\r\n\r\n               <div class=\"step-content\">\r\n                    <div class=\"step-icon\"><i aria-hidden=\"true\" class=\"flaticon flaticon-global\"><\/i>                       <\/div>\r\n                    <h3>Misi\u00f3n & Visi\u00f3n<\/h3>\r\n                <p>Misi\u00f3n: Difundir conocimiento cient\u00edfico para construir una sociedad colaborativa y humana.<\/p><p>Visi\u00f3n: Alcanzar altos est\u00e1ndares de informaci\u00f3n cient\u00edfica, actualizada y profesionalmente relevante.<\/p><div class=\"elementor-column elementor-col-33 elementor-top-column elementor-element elementor-element-fa537ee\" data-id=\"fa537ee\" data-element_type=\"column\"><div class=\"elementor-widget-wrap elementor-element-populated\"><div class=\"elementor-element elementor-element-60cd3de elementor-widget elementor-widget-feature\" data-id=\"60cd3de\" data-element_type=\"widget\" data-widget_type=\"feature.default\"><div class=\"elementor-widget-container\"><div class=\"featured-item style-2\">\u00a0<\/div><\/div><\/div><\/div><\/div>               <\/div>\r\n                \r\n            <\/div>\r\n            <div class=\"col-lg-6\">\r\n            <div class=\"step-img h-100\">\r\n                    <img decoding=\"async\" class=\"img-fluid\" src=\"https:\/\/ceafeinternational.com\/wp-content\/uploads\/2025\/04\/10.jpg\" alt=\"Image\">\r\n                    <\/div>\r\n            <\/div>\r\n        <\/div>\r\n                    \r\n                <\/div>\r\n                \r\n                           <div class=\"step-box\">\r\n\r\n        <div class=\"row gx-0\">\r\n            <div class=\"col-lg-6\">\r\n\r\n               <div class=\"step-content\">\r\n                    <div class=\"step-icon\"><i aria-hidden=\"true\" class=\"flaticon flaticon-laptop\"><\/i>                       <\/div>\r\n                    <h3>Historia<\/h3>\r\n                <p>Our marketing software has everything you need to run a successful inbound marketing strategy that grows on traffic, converts leads extend the power of our platform create customs apps.<\/p><p>Since our inception, Epitome has been on a mission to empower businesses and drive their growth. We have worked with clients across various industries, helping them navigate challenges.<\/p>               <\/div>\r\n                \r\n            <\/div>\r\n            <div class=\"col-lg-6\">\r\n            <div class=\"step-img h-100\">\r\n                    <img decoding=\"async\" class=\"img-fluid\" src=\"https:\/\/ceafeinternational.com\/wp-content\/uploads\/2025\/04\/Captura-de-pantalla-2024-10-26-a-las-10.22.45\u202fa.m.png\" alt=\"Image\">\r\n                    <\/div>\r\n            <\/div>\r\n        <\/div>\r\n                    \r\n                <\/div>\r\n                \r\n                    \r\n                \r\n\r\n        <!-- End rendering the output -->\r\n\r\n\r\n<script>\r\n\r\n        jQuery(document).ready(function() {\r\n\r\nconst cards = gsap.utils.toArray(\".step-box\");\r\n\r\nScrollTrigger.matchMedia({\r\n\r\n        \"(min-width: 992px)\": function() {\r\n\r\ncards.forEach((card, index) => {\r\n\r\nconst spacer = 0;\r\nlet htmitheight = cards[0].offsetHeight + 120;\r\n  ScrollTrigger.create({\r\n    trigger: card,\r\n    start: \"top 100px\",\r\n    endTrigger: '.elementor-widget-sticky-step',\r\n    pin: !0,\r\n    pinSpacing: !1,\r\n    end: `bottom top+=${htmitheight + (cards.length * spacer)}`,\r\n  });\r\n});\r\n}\r\n\r\n    }) \r\n\r\n        });\r\n\r\n      <\/script>\r\n\r\n\r\n        \t\t\t\t<\/div>\n\t\t\t\t<\/div>\n\t\t\t\t\t<\/div>\n\t\t<\/div>\n\t\t\t\t\t<\/div>\n\t\t<\/section>\n\t\t\t\t<\/div>\n\t\t","protected":false},"excerpt":{"rendered":"<p>CEAFE InternationalCentro de Estudios Avanzados y de Fisiolog\u00eda del Ejercicio. Cursos Capacitaci\u00f3n avanzada en ciencias aplicadas al deporte, basada en evidencia, innovaci\u00f3n, excelencia acad\u00e9mica y tecnolog\u00eda. Certificaciones Acreditamos competencias cient\u00edficas y deportivas mediante programas rigurosos, avalados por est\u00e1ndares acad\u00e9micos internacionales. Consultor\u00edas Ofrecemos asesor\u00eda t\u00e9cnica especializada, basada en evidencia cient\u00edfica, para optimizar procesos deportivos y acad\u00e9micos. [&hellip;]<\/p>\n","protected":false},"author":1,"featured_media":0,"parent":0,"menu_order":0,"comment_status":"closed","ping_status":"closed","template":"","meta":{"_acf_changed":false,"_monsterinsights_skip_tracking":false,"_monsterinsights_sitenote_active":false,"_monsterinsights_sitenote_note":"","_monsterinsights_sitenote_category":0,"footnotes":""},"class_list":["post-1513","page","type-page","status-publish","hentry"],"acf":[],"aioseo_notices":[],"_links":{"self":[{"href":"https:\/\/ceafeinternational.com\/index.php\/wp-json\/wp\/v2\/pages\/1513","targetHints":{"allow":["GET"]}}],"collection":[{"href":"https:\/\/ceafeinternational.com\/index.php\/wp-json\/wp\/v2\/pages"}],"about":[{"href":"https:\/\/ceafeinternational.com\/index.php\/wp-json\/wp\/v2\/types\/page"}],"author":[{"embeddable":true,"href":"https:\/\/ceafeinternational.com\/index.php\/wp-json\/wp\/v2\/users\/1"}],"replies":[{"embeddable":true,"href":"https:\/\/ceafeinternational.com\/index.php\/wp-json\/wp\/v2\/comments?post=1513"}],"version-history":[{"count":23,"href":"https:\/\/ceafeinternational.com\/index.php\/wp-json\/wp\/v2\/pages\/1513\/revisions"}],"predecessor-version":[{"id":2439,"href":"https:\/\/ceafeinternational.com\/index.php\/wp-json\/wp\/v2\/pages\/1513\/revisions\/2439"}],"wp:attachment":[{"href":"https:\/\/ceafeinternational.com\/index.php\/wp-json\/wp\/v2\/media?parent=1513"}],"curies":[{"name":"wp","href":"https:\/\/api.w.org\/{rel}","templated":true}]}}